{"id":14,"date":"2020-04-06T23:48:26","date_gmt":"2020-04-06T23:48:26","guid":{"rendered":"http:\/\/localhost\/jopavi-automacao\/?page_id=14"},"modified":"2020-04-11T20:06:01","modified_gmt":"2020-04-11T20:06:01","slug":"novidades","status":"publish","type":"page","link":"https:\/\/jopavi.com.br\/index.php\/novidades\/","title":{"rendered":"Novidades"},"content":{"rendered":"","protected":false},"excerpt":{"rendered":"","protected":false},"author":9,"featured_media":0,"parent":0,"menu_order":0,"comment_status":"closed","ping_status":"closed","template":"page-novidades.php","meta":[],"acf":[],"yoast_head":"<!-- This site is optimized with the Yoast SEO plugin v19.13 - https:\/\/yoast.com\/wordpress\/plugins\/seo\/ -->\n<title>Novidades - JOPAVI Automa\u00e7\u00e3o Comercial<\/title>\n<meta name=\"robots\" content=\"index, follow, max-snippet:-1, max-image-preview:large, max-video-preview:-1\" \/>\n<link rel=\"canonical\" href=\"https:\/\/jopavi.com.br\/index.php\/novidades\/\" \/>\n<meta property=\"og:locale\" content=\"pt_BR\" \/>\n<meta property=\"og:type\" content=\"article\" \/>\n<meta property=\"og:title\" content=\"Novidades - JOPAVI Automa\u00e7\u00e3o Comercial\" \/>\n<meta property=\"og:url\" content=\"https:\/\/jopavi.com.br\/index.php\/novidades\/\" \/>\n<meta property=\"og:site_name\" content=\"JOPAVI Automa\u00e7\u00e3o Comercial\" \/>\n<meta property=\"article:publisher\" content=\"https:\/\/www.facebook.com\/JopaviOficial\/\" \/>\n<meta property=\"article:modified_time\" content=\"2020-04-11T20:06:01+00:00\" \/>\n<meta name=\"twitter:card\" content=\"summary_large_image\" \/>\n<script type=\"application\/ld+json\" class=\"yoast-schema-graph\">{\"@context\":\"https:\/\/schema.org\",\"@graph\":[{\"@type\":\"WebPage\",\"@id\":\"https:\/\/jopavi.com.br\/index.php\/novidades\/\",\"url\":\"https:\/\/jopavi.com.br\/index.php\/novidades\/\",\"name\":\"Novidades - JOPAVI Automa\u00e7\u00e3o Comercial\",\"isPartOf\":{\"@id\":\"https:\/\/jopavi.com.br\/#website\"},\"datePublished\":\"2020-04-06T23:48:26+00:00\",\"dateModified\":\"2020-04-11T20:06:01+00:00\",\"breadcrumb\":{\"@id\":\"https:\/\/jopavi.com.br\/index.php\/novidades\/#breadcrumb\"},\"inLanguage\":\"pt-BR\",\"potentialAction\":[{\"@type\":\"ReadAction\",\"target\":[\"https:\/\/jopavi.com.br\/index.php\/novidades\/\"]}]},{\"@type\":\"BreadcrumbList\",\"@id\":\"https:\/\/jopavi.com.br\/index.php\/novidades\/#breadcrumb\",\"itemListElement\":[{\"@type\":\"ListItem\",\"position\":1,\"name\":\"In\u00edcio\",\"item\":\"https:\/\/jopavi.com.br\/\"},{\"@type\":\"ListItem\",\"position\":2,\"name\":\"Novidades\"}]},{\"@type\":\"WebSite\",\"@id\":\"https:\/\/jopavi.com.br\/#website\",\"url\":\"https:\/\/jopavi.com.br\/\",\"name\":\"JOPAVI Automa\u00e7\u00e3o Comercial\",\"description\":\"- Solu\u00e7\u00f5es de automa\u00e7\u00e3o para com\u00e9rcios com softwares, equipamentos e suprimentos - Natal\/RN\",\"publisher\":{\"@id\":\"https:\/\/jopavi.com.br\/#organization\"},\"potentialAction\":[{\"@type\":\"SearchAction\",\"target\":{\"@type\":\"EntryPoint\",\"urlTemplate\":\"https:\/\/jopavi.com.br\/?s={search_term_string}\"},\"query-input\":\"required name=search_term_string\"}],\"inLanguage\":\"pt-BR\"},{\"@type\":\"Organization\",\"@id\":\"https:\/\/jopavi.com.br\/#organization\",\"name\":\"Jopavi - Automa\u00e7\u00e3o Comercial\",\"url\":\"https:\/\/jopavi.com.br\/\",\"logo\":{\"@type\":\"ImageObject\",\"inLanguage\":\"pt-BR\",\"@id\":\"https:\/\/jopavi.com.br\/#\/schema\/logo\/image\/\",\"url\":\"https:\/\/jopavi.com.br\/wp-content\/uploads\/2020\/06\/logo.png\",\"contentUrl\":\"https:\/\/jopavi.com.br\/wp-content\/uploads\/2020\/06\/logo.png\",\"width\":243,\"height\":83,\"caption\":\"Jopavi - Automa\u00e7\u00e3o Comercial\"},\"image\":{\"@id\":\"https:\/\/jopavi.com.br\/#\/schema\/logo\/image\/\"},\"sameAs\":[\"https:\/\/www.facebook.com\/JopaviOficial\/\"]}]}<\/script>\n<!-- \/ Yoast SEO plugin. -->","yoast_head_json":{"title":"Novidades - JOPAVI Automa\u00e7\u00e3o Comercial","robots":{"index":"index","follow":"follow","max-snippet":"max-snippet:-1","max-image-preview":"max-image-preview:large","max-video-preview":"max-video-preview:-1"},"canonical":"https:\/\/jopavi.com.br\/index.php\/novidades\/","og_locale":"pt_BR","og_type":"article","og_title":"Novidades - JOPAVI Automa\u00e7\u00e3o Comercial","og_url":"https:\/\/jopavi.com.br\/index.php\/novidades\/","og_site_name":"JOPAVI Automa\u00e7\u00e3o Comercial","article_publisher":"https:\/\/www.facebook.com\/JopaviOficial\/","article_modified_time":"2020-04-11T20:06:01+00:00","twitter_card":"summary_large_image","schema":{"@context":"https:\/\/schema.org","@graph":[{"@type":"WebPage","@id":"https:\/\/jopavi.com.br\/index.php\/novidades\/","url":"https:\/\/jopavi.com.br\/index.php\/novidades\/","name":"Novidades - JOPAVI Automa\u00e7\u00e3o Comercial","isPartOf":{"@id":"https:\/\/jopavi.com.br\/#website"},"datePublished":"2020-04-06T23:48:26+00:00","dateModified":"2020-04-11T20:06:01+00:00","breadcrumb":{"@id":"https:\/\/jopavi.com.br\/index.php\/novidades\/#breadcrumb"},"inLanguage":"pt-BR","potentialAction":[{"@type":"ReadAction","target":["https:\/\/jopavi.com.br\/index.php\/novidades\/"]}]},{"@type":"BreadcrumbList","@id":"https:\/\/jopavi.com.br\/index.php\/novidades\/#breadcrumb","itemListElement":[{"@type":"ListItem","position":1,"name":"In\u00edcio","item":"https:\/\/jopavi.com.br\/"},{"@type":"ListItem","position":2,"name":"Novidades"}]},{"@type":"WebSite","@id":"https:\/\/jopavi.com.br\/#website","url":"https:\/\/jopavi.com.br\/","name":"JOPAVI Automa\u00e7\u00e3o Comercial","description":"- Solu\u00e7\u00f5es de automa\u00e7\u00e3o para com\u00e9rcios com softwares, equipamentos e suprimentos - Natal\/RN","publisher":{"@id":"https:\/\/jopavi.com.br\/#organization"},"potentialAction":[{"@type":"SearchAction","target":{"@type":"EntryPoint","urlTemplate":"https:\/\/jopavi.com.br\/?s={search_term_string}"},"query-input":"required name=search_term_string"}],"inLanguage":"pt-BR"},{"@type":"Organization","@id":"https:\/\/jopavi.com.br\/#organization","name":"Jopavi - Automa\u00e7\u00e3o Comercial","url":"https:\/\/jopavi.com.br\/","logo":{"@type":"ImageObject","inLanguage":"pt-BR","@id":"https:\/\/jopavi.com.br\/#\/schema\/logo\/image\/","url":"https:\/\/jopavi.com.br\/wp-content\/uploads\/2020\/06\/logo.png","contentUrl":"https:\/\/jopavi.com.br\/wp-content\/uploads\/2020\/06\/logo.png","width":243,"height":83,"caption":"Jopavi - Automa\u00e7\u00e3o Comercial"},"image":{"@id":"https:\/\/jopavi.com.br\/#\/schema\/logo\/image\/"},"sameAs":["https:\/\/www.facebook.com\/JopaviOficial\/"]}]}},"_links":{"self":[{"href":"https:\/\/jopavi.com.br\/index.php\/wp-json\/wp\/v2\/pages\/14"}],"collection":[{"href":"https:\/\/jopavi.com.br\/index.php\/wp-json\/wp\/v2\/pages"}],"about":[{"href":"https:\/\/jopavi.com.br\/index.php\/wp-json\/wp\/v2\/types\/page"}],"author":[{"embeddable":true,"href":"https:\/\/jopavi.com.br\/index.php\/wp-json\/wp\/v2\/users\/9"}],"replies":[{"embeddable":true,"href":"https:\/\/jopavi.com.br\/index.php\/wp-json\/wp\/v2\/comments?post=14"}],"version-history":[{"count":0,"href":"https:\/\/jopavi.com.br\/index.php\/wp-json\/wp\/v2\/pages\/14\/revisions"}],"wp:attachment":[{"href":"https:\/\/jopavi.com.br\/index.php\/wp-json\/wp\/v2\/media?parent=14"}],"curies":[{"name":"wp","href":"https:\/\/api.w.org\/{rel}","templated":true}]}}