{"id":104,"date":"2020-04-11T23:43:48","date_gmt":"2020-04-11T23:43:48","guid":{"rendered":"http:\/\/localhost\/jopavi-automacao\/?page_id=104"},"modified":"2020-06-16T21:16:42","modified_gmt":"2020-06-16T21:16:42","slug":"softwares-de-automacao","status":"publish","type":"page","link":"https:\/\/jopavi.com.br\/index.php\/softwares-de-automacao\/","title":{"rendered":"Softwares de Automa\u00e7\u00e3o"},"content":{"rendered":"\n<p>S\u00e3o solu\u00e7\u00f5es capazes de integrar e ajudar no gerenciamento dos processos comerciais do seu neg\u00f3cio, automatizando e padronizando procedimentos operacionais.<\/p>\n\n\n\n<p>A utiliza\u00e7\u00e3o de\nsoftwares de automa\u00e7\u00e3o garantem mais produtividade, efici\u00eancia e\nrentabilidade da sua empresa.<\/p>\n\n\n\n<h4>Conhe\u00e7a algumas da principais aplica\u00e7\u00f5es <\/h4>\n","protected":false},"excerpt":{"rendered":"<p>S\u00e3o solu\u00e7\u00f5es capazes de integrar e ajudar no gerenciamento dos processos comerciais do seu neg\u00f3cio, automatizando e padronizando procedimentos operacionais. A utiliza\u00e7\u00e3o de softwares de automa\u00e7\u00e3o garantem mais produtividade, efici\u00eancia e rentabilidade da sua empresa. Conhe\u00e7a algumas da principais aplica\u00e7\u00f5es<\/p>\n","protected":false},"author":9,"featured_media":100,"parent":0,"menu_order":0,"comment_status":"closed","ping_status":"closed","template":"","meta":[],"acf":[],"yoast_head":"<!-- This site is optimized with the Yoast SEO plugin v19.13 - https:\/\/yoast.com\/wordpress\/plugins\/seo\/ -->\n<title>Software de automa\u00e7\u00e3o para varejo e restaurantes - JOPAVI Automa\u00e7\u00e3o Comercial<\/title>\n<meta name=\"description\" content=\"Solu\u00e7\u00f5es capazes de integrar e ajudar no gerenciamento dos processos comerciais do seu neg\u00f3cio, automatizando e padronizando procedimentos operacionais.\" \/>\n<meta name=\"robots\" content=\"index, follow, max-snippet:-1, max-image-preview:large, max-video-preview:-1\" \/>\n<link rel=\"canonical\" href=\"https:\/\/jopavi.com.br\/index.php\/softwares-de-automacao\/\" \/>\n<meta property=\"og:locale\" content=\"pt_BR\" \/>\n<meta property=\"og:type\" content=\"article\" \/>\n<meta property=\"og:title\" content=\"Software de automa\u00e7\u00e3o para varejo e restaurantes - JOPAVI Automa\u00e7\u00e3o Comercial\" \/>\n<meta property=\"og:description\" content=\"Solu\u00e7\u00f5es capazes de integrar e ajudar no gerenciamento dos processos comerciais do seu neg\u00f3cio, automatizando e padronizando procedimentos operacionais.\" \/>\n<meta property=\"og:url\" content=\"https:\/\/jopavi.com.br\/index.php\/softwares-de-automacao\/\" \/>\n<meta property=\"og:site_name\" content=\"JOPAVI Automa\u00e7\u00e3o Comercial\" \/>\n<meta property=\"article:publisher\" content=\"https:\/\/www.facebook.com\/JopaviOficial\/\" \/>\n<meta property=\"article:modified_time\" content=\"2020-06-16T21:16:42+00:00\" \/>\n<meta property=\"og:image\" content=\"https:\/\/jopavi.com.br\/wp-content\/uploads\/2020\/04\/image-2.png\" \/>\n\t<meta property=\"og:image:width\" content=\"560\" \/>\n\t<meta property=\"og:image:height\" content=\"400\" \/>\n\t<meta property=\"og:image:type\" content=\"image\/png\" \/>\n<meta name=\"twitter:card\" content=\"summary_large_image\" \/>\n<script type=\"application\/ld+json\" class=\"yoast-schema-graph\">{\"@context\":\"https:\/\/schema.org\",\"@graph\":[{\"@type\":\"WebPage\",\"@id\":\"https:\/\/jopavi.com.br\/index.php\/softwares-de-automacao\/\",\"url\":\"https:\/\/jopavi.com.br\/index.php\/softwares-de-automacao\/\",\"name\":\"Software de automa\u00e7\u00e3o para varejo e restaurantes - JOPAVI Automa\u00e7\u00e3o Comercial\",\"isPartOf\":{\"@id\":\"https:\/\/jopavi.com.br\/#website\"},\"datePublished\":\"2020-04-11T23:43:48+00:00\",\"dateModified\":\"2020-06-16T21:16:42+00:00\",\"description\":\"Solu\u00e7\u00f5es capazes de integrar e ajudar no gerenciamento dos processos comerciais do seu neg\u00f3cio, automatizando e padronizando procedimentos operacionais.\",\"breadcrumb\":{\"@id\":\"https:\/\/jopavi.com.br\/index.php\/softwares-de-automacao\/#breadcrumb\"},\"inLanguage\":\"pt-BR\",\"potentialAction\":[{\"@type\":\"ReadAction\",\"target\":[\"https:\/\/jopavi.com.br\/index.php\/softwares-de-automacao\/\"]}]},{\"@type\":\"BreadcrumbList\",\"@id\":\"https:\/\/jopavi.com.br\/index.php\/softwares-de-automacao\/#breadcrumb\",\"itemListElement\":[{\"@type\":\"ListItem\",\"position\":1,\"name\":\"In\u00edcio\",\"item\":\"https:\/\/jopavi.com.br\/\"},{\"@type\":\"ListItem\",\"position\":2,\"name\":\"Softwares de Automa\u00e7\u00e3o\"}]},{\"@type\":\"WebSite\",\"@id\":\"https:\/\/jopavi.com.br\/#website\",\"url\":\"https:\/\/jopavi.com.br\/\",\"name\":\"JOPAVI Automa\u00e7\u00e3o Comercial\",\"description\":\"- Solu\u00e7\u00f5es de automa\u00e7\u00e3o para com\u00e9rcios com softwares, equipamentos e suprimentos - Natal\/RN\",\"publisher\":{\"@id\":\"https:\/\/jopavi.com.br\/#organization\"},\"potentialAction\":[{\"@type\":\"SearchAction\",\"target\":{\"@type\":\"EntryPoint\",\"urlTemplate\":\"https:\/\/jopavi.com.br\/?s={search_term_string}\"},\"query-input\":\"required name=search_term_string\"}],\"inLanguage\":\"pt-BR\"},{\"@type\":\"Organization\",\"@id\":\"https:\/\/jopavi.com.br\/#organization\",\"name\":\"Jopavi - Automa\u00e7\u00e3o Comercial\",\"url\":\"https:\/\/jopavi.com.br\/\",\"logo\":{\"@type\":\"ImageObject\",\"inLanguage\":\"pt-BR\",\"@id\":\"https:\/\/jopavi.com.br\/#\/schema\/logo\/image\/\",\"url\":\"https:\/\/jopavi.com.br\/wp-content\/uploads\/2020\/06\/logo.png\",\"contentUrl\":\"https:\/\/jopavi.com.br\/wp-content\/uploads\/2020\/06\/logo.png\",\"width\":243,\"height\":83,\"caption\":\"Jopavi - Automa\u00e7\u00e3o Comercial\"},\"image\":{\"@id\":\"https:\/\/jopavi.com.br\/#\/schema\/logo\/image\/\"},\"sameAs\":[\"https:\/\/www.facebook.com\/JopaviOficial\/\"]}]}<\/script>\n<!-- \/ Yoast SEO plugin. -->","yoast_head_json":{"title":"Software de automa\u00e7\u00e3o para varejo e restaurantes - JOPAVI Automa\u00e7\u00e3o Comercial","description":"Solu\u00e7\u00f5es capazes de integrar e ajudar no gerenciamento dos processos comerciais do seu neg\u00f3cio, automatizando e padronizando procedimentos operacionais.","robots":{"index":"index","follow":"follow","max-snippet":"max-snippet:-1","max-image-preview":"max-image-preview:large","max-video-preview":"max-video-preview:-1"},"canonical":"https:\/\/jopavi.com.br\/index.php\/softwares-de-automacao\/","og_locale":"pt_BR","og_type":"article","og_title":"Software de automa\u00e7\u00e3o para varejo e restaurantes - JOPAVI Automa\u00e7\u00e3o Comercial","og_description":"Solu\u00e7\u00f5es capazes de integrar e ajudar no gerenciamento dos processos comerciais do seu neg\u00f3cio, automatizando e padronizando procedimentos operacionais.","og_url":"https:\/\/jopavi.com.br\/index.php\/softwares-de-automacao\/","og_site_name":"JOPAVI Automa\u00e7\u00e3o Comercial","article_publisher":"https:\/\/www.facebook.com\/JopaviOficial\/","article_modified_time":"2020-06-16T21:16:42+00:00","og_image":[{"width":560,"height":400,"url":"https:\/\/jopavi.com.br\/wp-content\/uploads\/2020\/04\/image-2.png","type":"image\/png"}],"twitter_card":"summary_large_image","schema":{"@context":"https:\/\/schema.org","@graph":[{"@type":"WebPage","@id":"https:\/\/jopavi.com.br\/index.php\/softwares-de-automacao\/","url":"https:\/\/jopavi.com.br\/index.php\/softwares-de-automacao\/","name":"Software de automa\u00e7\u00e3o para varejo e restaurantes - JOPAVI Automa\u00e7\u00e3o Comercial","isPartOf":{"@id":"https:\/\/jopavi.com.br\/#website"},"datePublished":"2020-04-11T23:43:48+00:00","dateModified":"2020-06-16T21:16:42+00:00","description":"Solu\u00e7\u00f5es capazes de integrar e ajudar no gerenciamento dos processos comerciais do seu neg\u00f3cio, automatizando e padronizando procedimentos operacionais.","breadcrumb":{"@id":"https:\/\/jopavi.com.br\/index.php\/softwares-de-automacao\/#breadcrumb"},"inLanguage":"pt-BR","potentialAction":[{"@type":"ReadAction","target":["https:\/\/jopavi.com.br\/index.php\/softwares-de-automacao\/"]}]},{"@type":"BreadcrumbList","@id":"https:\/\/jopavi.com.br\/index.php\/softwares-de-automacao\/#breadcrumb","itemListElement":[{"@type":"ListItem","position":1,"name":"In\u00edcio","item":"https:\/\/jopavi.com.br\/"},{"@type":"ListItem","position":2,"name":"Softwares de Automa\u00e7\u00e3o"}]},{"@type":"WebSite","@id":"https:\/\/jopavi.com.br\/#website","url":"https:\/\/jopavi.com.br\/","name":"JOPAVI Automa\u00e7\u00e3o Comercial","description":"- Solu\u00e7\u00f5es de automa\u00e7\u00e3o para com\u00e9rcios com softwares, equipamentos e suprimentos - Natal\/RN","publisher":{"@id":"https:\/\/jopavi.com.br\/#organization"},"potentialAction":[{"@type":"SearchAction","target":{"@type":"EntryPoint","urlTemplate":"https:\/\/jopavi.com.br\/?s={search_term_string}"},"query-input":"required name=search_term_string"}],"inLanguage":"pt-BR"},{"@type":"Organization","@id":"https:\/\/jopavi.com.br\/#organization","name":"Jopavi - Automa\u00e7\u00e3o Comercial","url":"https:\/\/jopavi.com.br\/","logo":{"@type":"ImageObject","inLanguage":"pt-BR","@id":"https:\/\/jopavi.com.br\/#\/schema\/logo\/image\/","url":"https:\/\/jopavi.com.br\/wp-content\/uploads\/2020\/06\/logo.png","contentUrl":"https:\/\/jopavi.com.br\/wp-content\/uploads\/2020\/06\/logo.png","width":243,"height":83,"caption":"Jopavi - Automa\u00e7\u00e3o Comercial"},"image":{"@id":"https:\/\/jopavi.com.br\/#\/schema\/logo\/image\/"},"sameAs":["https:\/\/www.facebook.com\/JopaviOficial\/"]}]}},"_links":{"self":[{"href":"https:\/\/jopavi.com.br\/index.php\/wp-json\/wp\/v2\/pages\/104"}],"collection":[{"href":"https:\/\/jopavi.com.br\/index.php\/wp-json\/wp\/v2\/pages"}],"about":[{"href":"https:\/\/jopavi.com.br\/index.php\/wp-json\/wp\/v2\/types\/page"}],"author":[{"embeddable":true,"href":"https:\/\/jopavi.com.br\/index.php\/wp-json\/wp\/v2\/users\/9"}],"replies":[{"embeddable":true,"href":"https:\/\/jopavi.com.br\/index.php\/wp-json\/wp\/v2\/comments?post=104"}],"version-history":[{"count":0,"href":"https:\/\/jopavi.com.br\/index.php\/wp-json\/wp\/v2\/pages\/104\/revisions"}],"wp:featuredmedia":[{"embeddable":true,"href":"https:\/\/jopavi.com.br\/index.php\/wp-json\/wp\/v2\/media\/100"}],"wp:attachment":[{"href":"https:\/\/jopavi.com.br\/index.php\/wp-json\/wp\/v2\/media?parent=104"}],"curies":[{"name":"wp","href":"https:\/\/api.w.org\/{rel}","templated":true}]}}